{"id":2783,"date":"2026-03-14T12:28:37","date_gmt":"2026-03-14T16:28:37","guid":{"rendered":"https:\/\/qfilter4less.com\/en\/?page_id=2783"},"modified":"2026-03-21T11:11:40","modified_gmt":"2026-03-21T15:11:40","slug":"contact","status":"publish","type":"page","link":"https:\/\/qfilter4less.com\/en\/fr\/contact\/","title":{"rendered":"Contact"},"content":{"rendered":"\t\t<div data-elementor-type=\"wp-page\" data-elementor-id=\"2783\" class=\"elementor elementor-2783\" data-elementor-post-type=\"page\">\n\t\t\t\t<div class=\"elementor-element elementor-element-055a1e0 e-con-full e-flex e-con e-parent\" data-id=\"055a1e0\" data-element_type=\"container\" data-e-type=\"container\">\n\t\t<div class=\"elementor-element elementor-element-9d11724 e-con-full e-flex e-con e-child\" data-id=\"9d11724\" data-element_type=\"container\" data-e-type=\"container\" data-settings=\"{&quot;background_background&quot;:&quot;classic&quot;}\">\n\t\t\t\t<div class=\"elementor-element elementor-element-be2d2a8 elementor--h-position-center elementor--v-position-middle elementor-arrows-position-inside elementor-pagination-position-inside elementor-widget elementor-widget-slides\" data-id=\"be2d2a8\" data-element_type=\"widget\" data-e-type=\"widget\" data-settings=\"{&quot;navigation&quot;:&quot;both&quot;,&quot;autoplay&quot;:&quot;yes&quot;,&quot;pause_on_hover&quot;:&quot;yes&quot;,&quot;pause_on_interaction&quot;:&quot;yes&quot;,&quot;autoplay_speed&quot;:5000,&quot;infinite&quot;:&quot;yes&quot;,&quot;transition&quot;:&quot;slide&quot;,&quot;transition_speed&quot;:500}\" data-widget_type=\"slides.default\">\n\t\t\t\t\t\t\t\t\t\t<div class=\"elementor-slides-wrapper elementor-main-swiper swiper\" role=\"region\" aria-roledescription=\"carousel\" aria-label=\"Slides\" dir=\"ltr\" data-animation=\"fadeInUp\">\n\t\t\t\t<div class=\"swiper-wrapper elementor-slides\">\n\t\t\t\t\t\t\t\t\t\t<div class=\"elementor-repeater-item-5f2d28f swiper-slide\" role=\"group\" aria-roledescription=\"slide\"><div class=\"swiper-slide-bg\" role=\"img\" aria-label=\"Air handler with filter cabinets.\"><\/div><div class=\"swiper-slide-inner\" ><div class=\"swiper-slide-contents\"><\/div><\/div><\/div><div class=\"elementor-repeater-item-e88f207 swiper-slide\" role=\"group\" aria-roledescription=\"slide\"><div class=\"swiper-slide-bg\" role=\"img\" aria-label=\"The metal pipeline with big flanges. It is painted by gray paint.\"><\/div><div class=\"swiper-slide-inner\" ><div class=\"swiper-slide-contents\"><\/div><\/div><\/div><div class=\"elementor-repeater-item-947ec0e swiper-slide\" role=\"group\" aria-roledescription=\"slide\"><div class=\"swiper-slide-bg\" role=\"img\" aria-label=\"Restoration painting of a black car in the service center.\"><\/div><div class=\"swiper-slide-inner\" ><div class=\"swiper-slide-contents\"><\/div><\/div><\/div><div class=\"elementor-repeater-item-7b962f2 swiper-slide\" role=\"group\" aria-roledescription=\"slide\"><div class=\"swiper-slide-bg\" role=\"img\" aria-label=\"Large industrial water treatment and boiler room. Shiny steel metal pipes and blue pumps and valves.\"><\/div><div class=\"swiper-slide-inner\" ><div class=\"swiper-slide-contents\"><\/div><\/div><\/div><div class=\"elementor-repeater-item-3f00f80 swiper-slide\" role=\"group\" aria-roledescription=\"slide\"><div class=\"swiper-slide-bg\" role=\"img\" aria-label=\"New clean cartridge and old dirty cartridge for water purification filter. Water purification technology in areas with unfavorable ecology. Isolated on white background.\"><\/div><div class=\"swiper-slide-inner\" ><div class=\"swiper-slide-contents\"><\/div><\/div><\/div>\t\t\t\t<\/div>\n\t\t\t\t\t\t\t\t\t\t\t\t\t\t\t<div class=\"elementor-swiper-button elementor-swiper-button-prev\" role=\"button\" tabindex=\"0\" aria-label=\"Previous slide\">\n\t\t\t\t\t\t\t<svg aria-hidden=\"true\" class=\"e-font-icon-svg e-eicon-chevron-left\" viewBox=\"0 0 1000 1000\" xmlns=\"http:\/\/www.w3.org\/2000\/svg\"><path d=\"M646 125C629 125 613 133 604 142L308 442C296 454 292 471 292 487 292 504 296 521 308 533L604 854C617 867 629 875 646 875 663 875 679 871 692 858 704 846 713 829 713 812 713 796 708 779 692 767L438 487 692 225C700 217 708 204 708 187 708 171 704 154 692 142 675 129 663 125 646 125Z\"><\/path><\/svg>\t\t\t\t\t\t<\/div>\n\t\t\t\t\t\t<div class=\"elementor-swiper-button elementor-swiper-button-next\" role=\"button\" tabindex=\"0\" aria-label=\"Next slide\">\n\t\t\t\t\t\t\t<svg aria-hidden=\"true\" class=\"e-font-icon-svg e-eicon-chevron-right\" viewBox=\"0 0 1000 1000\" xmlns=\"http:\/\/www.w3.org\/2000\/svg\"><path d=\"M696 533C708 521 713 504 713 487 713 471 708 454 696 446L400 146C388 133 375 125 354 125 338 125 325 129 313 142 300 154 292 171 292 187 292 204 296 221 308 233L563 492 304 771C292 783 288 800 288 817 288 833 296 850 308 863 321 871 338 875 354 875 371 875 388 867 400 854L696 533Z\"><\/path><\/svg>\t\t\t\t\t\t<\/div>\n\t\t\t\t\t\t\t\t\t\t\t\t\t\t\t\t<div class=\"swiper-pagination\"><\/div>\n\t\t\t\t\t\t\t\t\t\t\t\t<\/div>\n\t\t\t\t\t\t\t\t<\/div>\n\t\t\t\t<\/div>\n\t\t<div class=\"elementor-element elementor-element-a08d178 e-con-full e-flex e-con e-child\" data-id=\"a08d178\" data-element_type=\"container\" data-e-type=\"container\">\n\t\t<div class=\"elementor-element elementor-element-604dc40 e-con-full e-flex e-con e-child\" data-id=\"604dc40\" data-element_type=\"container\" data-e-type=\"container\">\n\t\t\t\t<div class=\"elementor-element elementor-element-5cc8caa elementor-widget__width-initial elementor-widget elementor-widget-text-editor\" data-id=\"5cc8caa\" data-element_type=\"widget\" data-e-type=\"widget\" data-widget_type=\"text-editor.default\">\n\t\t\t\t\t\t\t\t\t<p style=\"text-align: center;\">L\u2019efficacit\u00e9 est le<span style=\"color: #ffffff;\"> fondement<\/span> de notre entreprise.<\/p>\t\t\t\t\t\t\t\t<\/div>\n\t\t\t\t<\/div>\n\t\t\t\t<\/div>\n\t\t\t\t<\/div>\n\t\t<div class=\"elementor-element elementor-element-ced711a e-flex e-con-boxed e-con e-parent\" data-id=\"ced711a\" data-element_type=\"container\" data-e-type=\"container\" data-settings=\"{&quot;background_background&quot;:&quot;classic&quot;}\">\n\t\t\t\t\t<div class=\"e-con-inner\">\n\t\t\t\t<div class=\"elementor-element elementor-element-54ce4bd elementor-widget-divider--view-line elementor-widget elementor-widget-divider\" data-id=\"54ce4bd\" data-element_type=\"widget\" data-e-type=\"widget\" data-widget_type=\"divider.default\">\n\t\t\t\t\t\t\t<div class=\"elementor-divider\">\n\t\t\t<span class=\"elementor-divider-separator\">\n\t\t\t\t\t\t<\/span>\n\t\t<\/div>\n\t\t\t\t\t\t<\/div>\n\t\t\t\t\t<\/div>\n\t\t\t\t<\/div>\n\t\t<div class=\"elementor-element elementor-element-1aacaed e-flex e-con-boxed e-con e-parent\" data-id=\"1aacaed\" data-element_type=\"container\" data-e-type=\"container\" data-settings=\"{&quot;background_background&quot;:&quot;classic&quot;}\">\n\t\t\t\t\t<div class=\"e-con-inner\">\n\t\t\t\t<div class=\"elementor-element elementor-element-e965ec3 elementor-widget elementor-widget-text-editor\" data-id=\"e965ec3\" data-element_type=\"widget\" data-e-type=\"widget\" data-widget_type=\"text-editor.default\">\n\t\t\t\t\t\t\t\t\t<p>Chez <span style=\"color: #ffffff;\"><strong>Quality Filter 4 Less<\/strong><\/span>, nous nous sp\u00e9cialisons dans la fourniture de solutions de filtration haute performance con\u00e7ues pour les environnements commerciaux, industriels et institutionnels. Notre mod\u00e8le d\u2019affaires repose sur l\u2019efficacit\u00e9 op\u00e9rationnelle\u202f: en r\u00e9duisant les co\u00fbts fixes et en optimisant notre cha\u00eene d\u2019approvisionnement, nous offrons des filtres de qualit\u00e9 sup\u00e9rieure \u00e0 des prix hautement comp\u00e9titifs, sans compromis sur la qualit\u00e9 ni la fiabilit\u00e9.<\/p><p>Nous collaborons \u00e9troitement avec des fabricants et des fournisseurs certifi\u00e9s afin de garantir que nos produits respectent ou surpassent les normes de l\u2019industrie en mati\u00e8re de filtration de l\u2019air et de l\u2019eau. Notre mod\u00e8le de distribution optimis\u00e9 nous permet de maintenir des niveaux d\u2019inventaire constants, de r\u00e9duire les d\u00e9lais de livraison et de soutenir les clients qui d\u00e9pendent d\u2019une performance de filtration ininterrompue.<\/p><p>Notre engagement envers les clients B2B comprend\u202f:<\/p><p>\u2022 Un approvisionnement rentable gr\u00e2ce \u00e0 une r\u00e9duction des frais g\u00e9n\u00e9raux et une logistique optimis\u00e9e<\/p><p>\u2022 Une disponibilit\u00e9 fiable des produits pour les syst\u00e8mes de filtration HVAC, industriels et commerciaux<\/p><p>\u2022 Une assurance qualit\u00e9 constante conforme aux sp\u00e9cifications de l\u2019industrie et aux exigences r\u00e9glementaires<\/p><p><!--StartFragment --><\/p><p>\u2022 Des solutions d\u2019approvisionnement \u00e9volutives pour les op\u00e9rations multi\u2011sites et les besoins \u00e0 grand volume<\/p><p>\u2022 Un service client r\u00e9actif, adapt\u00e9 aux exigences des environnements professionnels<\/p><p>Que vous g\u00e9riez une installation, exploitiez une entreprise de services ou supervisiez les achats d\u2019une grande organisation, nous fournissons des produits de filtration con\u00e7us pour soutenir la performance, la durabilit\u00e9 et la valeur \u00e0 long terme.<\/p><p>Chez <span style=\"color: #ffffff;\"><strong>Quality Filter 4 Less<\/strong><\/span>, l\u2019efficacit\u00e9 n\u2019est pas seulement un \u00e9l\u00e9ment de notre processus \u2014 c\u2019est la base m\u00eame de notre capacit\u00e9 \u00e0 offrir des \u00e9conomies mesurables et des solutions de filtration fiables \u00e0 nos partenaires.<\/p><p><span style=\"color: #ffffff;\"><strong>Contactez\u2011nous \u00e0 :<\/strong><\/span>\u00a0 <a href=\"mailto:sales@qfilter4less.com\">sales@qfilter4less.com<\/a><\/p><p><!--EndFragment --><\/p><p><!--EndFragment --><\/p>\t\t\t\t\t\t\t\t<\/div>\n\t\t\t\t\t<\/div>\n\t\t\t\t<\/div>\n\t\t<div class=\"elementor-element elementor-element-d842dd9 e-flex e-con-boxed e-con e-parent\" data-id=\"d842dd9\" data-element_type=\"container\" data-e-type=\"container\" id=\"about-middle\" data-settings=\"{&quot;background_background&quot;:&quot;classic&quot;}\">\n\t\t\t\t\t<div class=\"e-con-inner\">\n\t\t\t\t<div class=\"elementor-element elementor-element-4fe6182 elementor-widget-divider--view-line elementor-widget elementor-widget-divider\" data-id=\"4fe6182\" data-element_type=\"widget\" data-e-type=\"widget\" data-widget_type=\"divider.default\">\n\t\t\t\t\t\t\t<div class=\"elementor-divider\">\n\t\t\t<span class=\"elementor-divider-separator\">\n\t\t\t\t\t\t<\/span>\n\t\t<\/div>\n\t\t\t\t\t\t<\/div>\n\t\t\t\t\t<\/div>\n\t\t\t\t<\/div>\n\t\t<div class=\"elementor-element elementor-element-3506494 e-flex e-con-boxed e-con e-parent\" data-id=\"3506494\" data-element_type=\"container\" data-e-type=\"container\" data-settings=\"{&quot;background_background&quot;:&quot;classic&quot;}\">\n\t\t\t\t\t<div class=\"e-con-inner\">\n\t\t\t\t<div class=\"elementor-element elementor-element-e40407e elementor-button-align-stretch elementor-widget elementor-widget-form\" data-id=\"e40407e\" data-element_type=\"widget\" data-e-type=\"widget\" data-settings=\"{&quot;step_next_label&quot;:&quot;Next&quot;,&quot;step_previous_label&quot;:&quot;Previous&quot;,&quot;button_width&quot;:&quot;100&quot;,&quot;step_type&quot;:&quot;number_text&quot;,&quot;step_icon_shape&quot;:&quot;circle&quot;}\" data-widget_type=\"form.default\">\n\t\t\t\t\t\t\t<form class=\"elementor-form\" method=\"post\" name=\"Paint Filtration Request\" aria-label=\"Paint Filtration Request\">\n\t\t\t<input type=\"hidden\" name=\"post_id\" value=\"2783\"\/>\n\t\t\t<input type=\"hidden\" name=\"form_id\" value=\"e40407e\"\/>\n\t\t\t<input type=\"hidden\" name=\"referer_title\" value=\"Contact\" \/>\n\n\t\t\t\t\t\t\t<input type=\"hidden\" name=\"queried_id\" value=\"2783\"\/>\n\t\t\t\n\t\t\t<div class=\"elementor-form-fields-wrapper elementor-labels-above\">\n\t\t\t\t\t\t\t\t<div class=\"elementor-field-type-text elementor-field-group elementor-column elementor-field-group-name elementor-col-100 elementor-field-required elementor-mark-required\">\n\t\t\t\t\t\t\t\t\t\t\t\t<label for=\"form-field-name\" class=\"elementor-field-label\">\n\t\t\t\t\t\t\t\tNom\t\t\t\t\t\t\t<\/label>\n\t\t\t\t\t\t\t\t\t\t\t\t\t\t<input size=\"1\" type=\"text\" name=\"form_fields[name]\" id=\"form-field-name\" class=\"elementor-field elementor-size-md  elementor-field-textual\" placeholder=\"Ajouter votre nom complet\" required=\"required\">\n\t\t\t\t\t\t\t\t\t\t\t<\/div>\n\t\t\t\t\t\t\t\t<div class=\"elementor-field-type-text elementor-field-group elementor-column elementor-field-group-field_ef85138 elementor-col-100 elementor-field-required elementor-mark-required\">\n\t\t\t\t\t\t\t\t\t\t\t\t<label for=\"form-field-field_ef85138\" class=\"elementor-field-label\">\n\t\t\t\t\t\t\t\tCompagnie\t\t\t\t\t\t\t<\/label>\n\t\t\t\t\t\t\t\t\t\t\t\t\t\t<input size=\"1\" type=\"text\" name=\"form_fields[field_ef85138]\" id=\"form-field-field_ef85138\" class=\"elementor-field elementor-size-md  elementor-field-textual\" placeholder=\"Ajouter votre nom de compagnie \/ division \/ site\" required=\"required\">\n\t\t\t\t\t\t\t\t\t\t\t<\/div>\n\t\t\t\t\t\t\t\t<div class=\"elementor-field-type-text elementor-field-group elementor-column elementor-field-group-field_9215a9f elementor-col-100\">\n\t\t\t\t\t\t\t\t\t\t\t\t<label for=\"form-field-field_9215a9f\" class=\"elementor-field-label\">\n\t\t\t\t\t\t\t\tAdresse & Pays\t\t\t\t\t\t\t<\/label>\n\t\t\t\t\t\t\t\t\t\t\t\t\t\t<input size=\"1\" type=\"text\" name=\"form_fields[field_9215a9f]\" id=\"form-field-field_9215a9f\" class=\"elementor-field elementor-size-md  elementor-field-textual\" placeholder=\"Ajouter votre adresse compl\u00e8te\">\n\t\t\t\t\t\t\t\t\t\t\t<\/div>\n\t\t\t\t\t\t\t\t<div class=\"elementor-field-type-email elementor-field-group elementor-column elementor-field-group-email elementor-col-50 elementor-field-required elementor-mark-required\">\n\t\t\t\t\t\t\t\t\t\t\t\t<label for=\"form-field-email\" class=\"elementor-field-label\">\n\t\t\t\t\t\t\t\tCourriel\t\t\t\t\t\t\t<\/label>\n\t\t\t\t\t\t\t\t\t\t\t\t\t\t<input size=\"1\" type=\"email\" name=\"form_fields[email]\" id=\"form-field-email\" class=\"elementor-field elementor-size-md  elementor-field-textual\" placeholder=\"Ajouter votre courriel\" required=\"required\">\n\t\t\t\t\t\t\t\t\t\t\t<\/div>\n\t\t\t\t\t\t\t\t<div class=\"elementor-field-type-text elementor-field-group elementor-column elementor-field-group-field_976afcf elementor-col-50\">\n\t\t\t\t\t\t\t\t\t\t\t\t<label for=\"form-field-field_976afcf\" class=\"elementor-field-label\">\n\t\t\t\t\t\t\t\tT\u00e9l\u00e9phone \/ Mobile \/ Extension\t\t\t\t\t\t\t<\/label>\n\t\t\t\t\t\t\t\t\t\t\t\t\t\t<input size=\"1\" type=\"text\" name=\"form_fields[field_976afcf]\" id=\"form-field-field_976afcf\" class=\"elementor-field elementor-size-md  elementor-field-textual\" placeholder=\"Ajouter le meilleur num\u00e9ro pour vous rejoindre\">\n\t\t\t\t\t\t\t\t\t\t\t<\/div>\n\t\t\t\t\t\t\t\t<div class=\"elementor-field-type-textarea elementor-field-group elementor-column elementor-field-group-message elementor-col-100 elementor-field-required elementor-mark-required\">\n\t\t\t\t\t\t\t\t\t\t\t\t<label for=\"form-field-message\" class=\"elementor-field-label\">\n\t\t\t\t\t\t\t\tMessage\t\t\t\t\t\t\t<\/label>\n\t\t\t\t\t\t<textarea class=\"elementor-field-textual elementor-field  elementor-size-md\" name=\"form_fields[message]\" id=\"form-field-message\" rows=\"6\" placeholder=\"Ajouter toutes les informations requises \u00e0 votre demande, type de filtre, marque utilis\u00e9e \u00e0 remplacer, num\u00e9ro de pi\u00e8ces, dimensions, etc. \" required=\"required\"><\/textarea>\t\t\t\t<\/div>\n\t\t\t\t\t\t\t\t<div class=\"elementor-field-group elementor-column elementor-field-type-submit elementor-col-100 e-form__buttons\">\n\t\t\t\t\t<button class=\"elementor-button elementor-size-md\" type=\"submit\">\n\t\t\t\t\t\t<span class=\"elementor-button-content-wrapper\">\n\t\t\t\t\t\t\t\t\t\t\t\t\t\t\t\t\t\t\t\t\t\t<span class=\"elementor-button-text\">Envoyer votre demande \u00e0 sales@qfilter4less.com<\/span>\n\t\t\t\t\t\t\t\t\t\t\t\t\t<\/span>\n\t\t\t\t\t<\/button>\n\t\t\t\t<\/div>\n\t\t\t<\/div>\n\t\t<\/form>\n\t\t\t\t\t\t<\/div>\n\t\t\t\t\t<\/div>\n\t\t\t\t<\/div>\n\t\t\t\t<\/div>\n\t\t","protected":false},"excerpt":{"rendered":"<p>L\u2019efficacit\u00e9 est le fondement de notre entreprise. Chez Quality Filter 4 Less, nous nous sp\u00e9cialisons dans la fourniture de solutions de filtration haute performance con\u00e7ues pour les environnements commerciaux, industriels et institutionnels. Notre mod\u00e8le d\u2019affaires repose sur l\u2019efficacit\u00e9 op\u00e9rationnelle\u202f: en r\u00e9duisant les co\u00fbts fixes et en optimisant notre cha\u00eene d\u2019approvisionnement, nous offrons des filtres de [&hellip;]<\/p>\n","protected":false},"author":2,"featured_media":0,"parent":0,"menu_order":0,"comment_status":"closed","ping_status":"closed","template":"elementor_header_footer","meta":{"om_disable_all_campaigns":false,"_monsterinsights_skip_tracking":false,"_monsterinsights_sitenote_active":false,"_monsterinsights_sitenote_note":"","_monsterinsights_sitenote_category":0,"footnotes":""},"class_list":["post-2783","page","type-page","status-publish","hentry"],"aioseo_notices":[],"_links":{"self":[{"href":"https:\/\/qfilter4less.com\/en\/wp-json\/wp\/v2\/pages\/2783","targetHints":{"allow":["GET"]}}],"collection":[{"href":"https:\/\/qfilter4less.com\/en\/wp-json\/wp\/v2\/pages"}],"about":[{"href":"https:\/\/qfilter4less.com\/en\/wp-json\/wp\/v2\/types\/page"}],"author":[{"embeddable":true,"href":"https:\/\/qfilter4less.com\/en\/wp-json\/wp\/v2\/users\/2"}],"replies":[{"embeddable":true,"href":"https:\/\/qfilter4less.com\/en\/wp-json\/wp\/v2\/comments?post=2783"}],"version-history":[{"count":13,"href":"https:\/\/qfilter4less.com\/en\/wp-json\/wp\/v2\/pages\/2783\/revisions"}],"predecessor-version":[{"id":3107,"href":"https:\/\/qfilter4less.com\/en\/wp-json\/wp\/v2\/pages\/2783\/revisions\/3107"}],"wp:attachment":[{"href":"https:\/\/qfilter4less.com\/en\/wp-json\/wp\/v2\/media?parent=2783"}],"curies":[{"name":"wp","href":"https:\/\/api.w.org\/{rel}","templated":true}]}}